{"id":154,"date":"2026-03-03T18:33:21","date_gmt":"2026-03-03T17:33:21","guid":{"rendered":"https:\/\/ovetus.festina-lente-eile-mit-weile.com\/?post_type=product&#038;p=154"},"modified":"2026-03-03T20:37:00","modified_gmt":"2026-03-03T19:37:00","slug":"desayuno-brunch","status":"publish","type":"product","link":"https:\/\/ovetus.festina-lente-eile-mit-weile.com\/index.php\/producto\/desayuno-brunch\/","title":{"rendered":"Desayuno Brunch"},"content":{"rendered":"<p class=\"p1\"><b>El sabor de empezar bien el d\u00eda<\/b><b><\/b><\/p>\n<p class=\"p3\">En\u00a0<span class=\"s1\"><b>Confiter\u00eda Ovetus<\/b><\/span>\u00a0sabemos que un buen d\u00eda comienza con un buen desayuno. Nuestro\u00a0<i>Desayuno Cl\u00e1sico<\/i>\u00a0es una propuesta sencilla y deliciosa, elaborada en nuestro obrador de Oviedo con todo el cuidado y la calidad que nos caracteriza.<\/p>\n<p class=\"p3\">Incluye una cuidada selecci\u00f3n de piezas reci\u00e9n horneadas, pan artesanal, mantequilla y mermelada, acompa\u00f1adas de un caf\u00e9, t\u00e9 o infusi\u00f3n preparados al momento. Todo pensado para que disfrutes de un momento de calma y sabor antes de comenzar tu jornada.<\/p>\n<p class=\"p3\">Ideal para regalar o para regalarte, porque cada ma\u00f1ana merece empezar con la mejor reposter\u00eda artesanal de Oviedo.<\/p>\n<p class=\"p1\"><b>Despierta con Ovetus.<\/b><\/p>\n<ul>\n<li>Zumo de naranja para 2 personas<\/li>\n<li>Croissant<\/li>\n<li>Quiche jam\u00f3n y queso<\/li>\n<li>Brioche salado: Salm\u00f3n y aguacate<\/li>\n<li>Brioche salado: Aceite, tomate y jam\u00f3n<\/li>\n<li>Pastel de manzana<\/li>\n<li>Tarta de queso individual<\/li>\n<li>Cajita con 3 bombones de Ovetus<\/li>\n<\/ul>\n","protected":false},"excerpt":{"rendered":"<p>El sabor de empezar bien el d\u00eda En\u00a0Confiter\u00eda Ovetus\u00a0sabemos que un buen d\u00eda comienza con un buen desayuno. Nuestro\u00a0Desayuno Cl\u00e1sico\u00a0es [&hellip;]<\/p>\n","protected":false},"featured_media":149,"comment_status":"open","ping_status":"closed","template":"","meta":{"site-sidebar-layout":"default","site-content-layout":"","ast-site-content-layout":"default","site-content-style":"default","site-sidebar-style":"default","ast-global-header-display":"","ast-banner-title-visibility":"","ast-main-header-display":"","ast-hfb-above-header-display":"","ast-hfb-below-header-display":"","ast-hfb-mobile-header-display":"","site-post-title":"","ast-breadcrumbs-content":"","ast-featured-img":"","footer-sml-layout":"","ast-disable-related-posts":"","theme-transparent-header-meta":"default","adv-header-id-meta":"","stick-header-meta":"","header-above-stick-meta":"","header-main-stick-meta":"","header-below-stick-meta":"","astra-migrate-meta-layouts":"set","ast-page-background-enabled":"default","ast-page-background-meta":{"desktop":{"background-color":"var(--ast-global-color-5)","background-image":"","background-repeat":"repeat","background-position":"center center","background-size":"auto","background-attachment":"scroll","background-type":"","background-media":"","overlay-type":"","overlay-color":"","overlay-opacity":"","overlay-gradient":""},"tablet":{"background-color":"","background-image":"","background-repeat":"repeat","background-position":"center center","background-size":"auto","background-attachment":"scroll","background-type":"","background-media":"","overlay-type":"","overlay-color":"","overlay-opacity":"","overlay-gradient":""},"mobile":{"background-color":"","background-image":"","background-repeat":"repeat","background-position":"center center","background-size":"auto","background-attachment":"scroll","background-type":"","background-media":"","overlay-type":"","overlay-color":"","overlay-opacity":"","overlay-gradient":""}},"ast-content-background-meta":{"desktop":{"background-color":"var(--ast-global-color-4)","background-image":"","background-repeat":"repeat","background-position":"center center","background-size":"auto","background-attachment":"scroll","background-type":"","background-media":"","overlay-type":"","overlay-color":"","overlay-opacity":"","overlay-gradient":""},"tablet":{"background-color":"var(--ast-global-color-4)","background-image":"","background-repeat":"repeat","background-position":"center center","background-size":"auto","background-attachment":"scroll","background-type":"","background-media":"","overlay-type":"","overlay-color":"","overlay-opacity":"","overlay-gradient":""},"mobile":{"background-color":"var(--ast-global-color-4)","background-image":"","background-repeat":"repeat","background-position":"center center","background-size":"auto","background-attachment":"scroll","background-type":"","background-media":"","overlay-type":"","overlay-color":"","overlay-opacity":"","overlay-gradient":""}}},"product_brand":[],"product_cat":[24],"product_tag":[],"class_list":{"0":"post-154","1":"product","2":"type-product","3":"status-publish","4":"has-post-thumbnail","6":"product_cat-desayunos","7":"desktop-align-left","8":"tablet-align-left","9":"mobile-align-left","11":"first","12":"instock","13":"shipping-taxable","14":"purchasable","15":"product-type-simple"},"_links":{"self":[{"href":"https:\/\/ovetus.festina-lente-eile-mit-weile.com\/index.php\/wp-json\/wp\/v2\/product\/154","targetHints":{"allow":["GET"]}}],"collection":[{"href":"https:\/\/ovetus.festina-lente-eile-mit-weile.com\/index.php\/wp-json\/wp\/v2\/product"}],"about":[{"href":"https:\/\/ovetus.festina-lente-eile-mit-weile.com\/index.php\/wp-json\/wp\/v2\/types\/product"}],"replies":[{"embeddable":true,"href":"https:\/\/ovetus.festina-lente-eile-mit-weile.com\/index.php\/wp-json\/wp\/v2\/comments?post=154"}],"wp:featuredmedia":[{"embeddable":true,"href":"https:\/\/ovetus.festina-lente-eile-mit-weile.com\/index.php\/wp-json\/wp\/v2\/media\/149"}],"wp:attachment":[{"href":"https:\/\/ovetus.festina-lente-eile-mit-weile.com\/index.php\/wp-json\/wp\/v2\/media?parent=154"}],"wp:term":[{"taxonomy":"product_brand","embeddable":true,"href":"https:\/\/ovetus.festina-lente-eile-mit-weile.com\/index.php\/wp-json\/wp\/v2\/product_brand?post=154"},{"taxonomy":"product_cat","embeddable":true,"href":"https:\/\/ovetus.festina-lente-eile-mit-weile.com\/index.php\/wp-json\/wp\/v2\/product_cat?post=154"},{"taxonomy":"product_tag","embeddable":true,"href":"https:\/\/ovetus.festina-lente-eile-mit-weile.com\/index.php\/wp-json\/wp\/v2\/product_tag?post=154"}],"curies":[{"name":"wp","href":"https:\/\/api.w.org\/{rel}","templated":true}]}}